{"id":9824,"date":"2023-11-15T13:39:36","date_gmt":"2023-11-15T13:39:36","guid":{"rendered":"https:\/\/blumbergtrade.com\/politica-kyc\/"},"modified":"2024-11-07T15:41:01","modified_gmt":"2024-11-07T15:41:01","slug":"politica-kyc","status":"publish","type":"page","link":"https:\/\/blumbergtrade.com\/it\/politica-kyc\/","title":{"rendered":"Politica KYC"},"content":{"rendered":"\t\t<div data-elementor-type=\"wp-page\" data-elementor-id=\"9824\" class=\"elementor elementor-9824 elementor-725\" data-elementor-post-type=\"page\">\n\t\t\t\t<div class=\"elementor-element elementor-element-cbf466d e-flex e-con-boxed e-con e-parent\" data-id=\"cbf466d\" data-element_type=\"container\" data-e-type=\"container\" data-settings=\"{&quot;background_background&quot;:&quot;classic&quot;}\">\n\t\t\t\t\t<div class=\"e-con-inner\">\n\t\t<div class=\"elementor-element elementor-element-5ead67c3 e-con-full e-flex e-con e-child\" data-id=\"5ead67c3\" data-element_type=\"container\" data-e-type=\"container\">\n\t\t\t\t<div class=\"elementor-element elementor-element-6bb3db70 elementor-widget elementor-widget-ld_breadcrumb\" data-id=\"6bb3db70\" data-element_type=\"widget\" data-e-type=\"widget\" data-widget_type=\"ld_breadcrumb.default\">\n\t\t\t\t<div class=\"elementor-widget-container\">\n\t\t\t\t\t<div class=\"lqd-breadcrumb-wrapper\"><nav role=\"navigation\" aria-label=\"Breadcrumbs\" class=\"breadcrumbs\"><ol class=\"breadcrumb reset-ul inline-nav inline-ul comma-sep-li\"><li class=\"breadcrumb-item active\"><a href=\"https:\/\/blumbergtrade.com\/it\/\" rel=\"home\"><span>Home<\/span><\/a><\/li><\/ol><\/nav><\/div>\t\t\t\t<\/div>\n\t\t\t\t<\/div>\n\t\t\t\t<\/div>\n\t\t\t\t\t<\/div>\n\t\t\t\t<\/div>\n\t\t<div class=\"elementor-element elementor-element-3d5ac2fd e-flex e-con-boxed e-con e-parent\" data-id=\"3d5ac2fd\" data-element_type=\"container\" data-e-type=\"container\" data-settings=\"{&quot;background_background&quot;:&quot;classic&quot;}\">\n\t\t\t\t\t<div class=\"e-con-inner\">\n\t\t<div class=\"elementor-element elementor-element-531e2252 e-con-full e-flex e-con e-child\" data-id=\"531e2252\" data-element_type=\"container\" data-e-type=\"container\">\n\t\t\t\t<div class=\"elementor-element elementor-element-d5ba209 elementor-widget elementor-widget-heading\" data-id=\"d5ba209\" data-element_type=\"widget\" data-e-type=\"widget\" data-widget_type=\"heading.default\">\n\t\t\t\t<div class=\"elementor-widget-container\">\n\t\t\t\t\t<h2 class=\"elementor-heading-title elementor-size-default\">Politica KYC<\/h2>\t\t\t\t<\/div>\n\t\t\t\t<\/div>\n\t\t\t\t<div class=\"elementor-element elementor-element-90d430d elementor-widget elementor-widget-text-editor\" data-id=\"90d430d\" data-element_type=\"widget\" data-e-type=\"widget\" data-widget_type=\"text-editor.default\">\n\t\t\t\t<div class=\"elementor-widget-container\">\n\t\t\t\t\t\t\t\t\t<p>Un programma di conformit\u00e0 antiriciclaggio efficace deve includere procedure di &#8220;conoscenza del cliente&#8221;. \u00c8 necessario fornire informazioni per conoscere la vera identit\u00e0 del cliente, la natura della sua attivit\u00e0 e lo scopo delle sue transazioni. <\/p>\n<p>In qualit\u00e0 di broker, BlumBergTrade sar\u00e0 responsabile di:<\/p>\n<ul class=\"list\">\n<li>Fornire l&#8217;applicazione dell&#8217;account<\/li>\n<li>Esecuzione delle procedure AML e KYC<\/li>\n<li>Compensazione e monitoraggio di tutte le operazioni<\/li>\n<li>Essere il custode dei conti, dei fondi e dei documenti.<\/li>\n<\/ul>\n<p>Ogni richiedente di un conto di trading deve prima essere approvato e accettato dal broker prima di finanziare il conto di trading e fare trading.<\/p>\n\t\t\t\t\t\t\t\t<\/div>\n\t\t\t\t<\/div>\n\t\t\t\t<div class=\"elementor-element elementor-element-0cf50ce elementor-widget elementor-widget-heading\" data-id=\"0cf50ce\" data-element_type=\"widget\" data-e-type=\"widget\" data-widget_type=\"heading.default\">\n\t\t\t\t<div class=\"elementor-widget-container\">\n\t\t\t\t\t<h2 class=\"elementor-heading-title elementor-size-default\">Identit\u00e0<\/h2>\t\t\t\t<\/div>\n\t\t\t\t<\/div>\n\t\t\t\t<div class=\"elementor-element elementor-element-2e5ae47 elementor-widget elementor-widget-text-editor\" data-id=\"2e5ae47\" data-element_type=\"widget\" data-e-type=\"widget\" data-widget_type=\"text-editor.default\">\n\t\t\t\t<div class=\"elementor-widget-container\">\n\t\t\t\t\t\t\t\t\t<p>Per ogni nuovo cliente, che \u00e8 un individuo, raccoglieremo:<\/p>\n<ul class=\"list\">\n<li>Il nome del cliente<\/li>\n<li>Data di nascita<\/li>\n<li>Indirizzo di residenza o di lavoro<\/li>\n<li>Prova di indirizzo, come ad esempio una bolletta, ecc.<\/li>\n<li>Numero di carta d&#8217;identit\u00e0 governativa non scaduta che indichi la nazionalit\u00e0 o la residenza e fototessera.<\/li>\n<\/ul>\n<div class=\"spacetop4x\"> <\/div>\n<p>Per ogni nuovo cliente che \u00e8 un&#8217;entit\u00e0, raccoglieremo:<\/p>\n<ul class=\"list\">\n<li>Il nome dell&#8217;azienda del cliente<\/li>\n<li>Sede principale dell&#8217;attivit\u00e0<\/li>\n<li>Prova dell&#8217;indirizzo di lavoro, come ad esempio una bolletta, ecc.<\/li>\n<li>Numero di identificazione o codice fiscale rilasciato dal governo<\/li>\n<li>Altra documentazione rilasciata dal governo che certifichi l&#8217;esistenza dell&#8217;attivit\u00e0 o dell&#8217;impresa, come ad esempio un atto costitutivo certificato, una licenza commerciale rilasciata dal governo, un accordo di partnership o un atto fiduciario.<\/li>\n<\/ul>\n<p>Non accetteremo un conto senza le informazioni di identificazione richieste. Se l&#8217;entit\u00e0 \u00e8 un trust o un&#8217;entit\u00e0 simile, per il titolare del conto saranno necessarie le informazioni di identificazione personale descritte nel paragrafo precedente. <\/p>\n<p>Nel caso in cui un cliente non presenti un documento d&#8217;identit\u00e0 valido, o l&#8217;azienda non abbia familiarit\u00e0 con i documenti forniti dal cliente, o il cliente apra il conto senza presentarsi di persona, o qualsiasi altra circostanza che aumenti il rischio di non essere in grado di verificare la vera identit\u00e0 del cliente attraverso i documenti, il conto non verr\u00e0 aperto.<\/p>\n\t\t\t\t\t\t\t\t<\/div>\n\t\t\t\t<\/div>\n\t\t\t\t<div class=\"elementor-element elementor-element-70b38b0 elementor-widget elementor-widget-heading\" data-id=\"70b38b0\" data-element_type=\"widget\" data-e-type=\"widget\" data-widget_type=\"heading.default\">\n\t\t\t\t<div class=\"elementor-widget-container\">\n\t\t\t\t\t<h2 class=\"elementor-heading-title elementor-size-default\">Elenco delle sanzioni Un<\/h2>\t\t\t\t<\/div>\n\t\t\t\t<\/div>\n\t\t\t\t<div class=\"elementor-element elementor-element-7fe458b elementor-widget elementor-widget-text-editor\" data-id=\"7fe458b\" data-element_type=\"widget\" data-e-type=\"widget\" data-widget_type=\"text-editor.default\">\n\t\t\t\t<div class=\"elementor-widget-container\">\n\t\t\t\t\t\t\t\t\t<p>Tutti gli individui e le entit\u00e0 saranno controllati in base agli elenchi di paesi sanzionati pubblicati dalle Nazioni Unite e periodicamente ricontrollati in base agli elenchi aggiornati. Se un cliente proviene da un paese incluso nell&#8217;elenco, il suo conto non verr\u00e0 aperto. <\/p>\n<p>I nomi di tutti i nuovi clienti saranno confrontati con l&#8217;elenco fornito dal nostro servizio di screening clienti di terze parti, come COMPLINET. Se il nome di un cliente compare nell&#8217;elenco, contatteremo immediatamente le autorit\u00e0 competenti. <\/p>\n\t\t\t\t\t\t\t\t<\/div>\n\t\t\t\t<\/div>\n\t\t\t\t<div class=\"elementor-element elementor-element-022b944 elementor-widget elementor-widget-heading\" data-id=\"022b944\" data-element_type=\"widget\" data-e-type=\"widget\" data-widget_type=\"heading.default\">\n\t\t\t\t<div class=\"elementor-widget-container\">\n\t\t\t\t\t<h2 class=\"elementor-heading-title elementor-size-default\">Affari<\/h2>\t\t\t\t<\/div>\n\t\t\t\t<\/div>\n\t\t\t\t<div class=\"elementor-element elementor-element-0388990 elementor-widget elementor-widget-text-editor\" data-id=\"0388990\" data-element_type=\"widget\" data-e-type=\"widget\" data-widget_type=\"text-editor.default\">\n\t\t\t\t<div class=\"elementor-widget-container\">\n\t\t\t\t\t\t\t\t\t<p>Verificheremo tutte le informazioni fornite in merito all&#8217;attivit\u00e0 e alla fonte di reddito del cliente. Non apriremo conti di corrispondenza. Non apriamo conti di private banking.  <\/p>\n\t\t\t\t\t\t\t\t<\/div>\n\t\t\t\t<\/div>\n\t\t\t\t<div class=\"elementor-element elementor-element-c138040 elementor-widget elementor-widget-heading\" data-id=\"c138040\" data-element_type=\"widget\" data-e-type=\"widget\" data-widget_type=\"heading.default\">\n\t\t\t\t<div class=\"elementor-widget-container\">\n\t\t\t\t\t<h2 class=\"elementor-heading-title elementor-size-default\">Scopo<\/h2>\t\t\t\t<\/div>\n\t\t\t\t<\/div>\n\t\t\t\t<div class=\"elementor-element elementor-element-0ff6aa7 elementor-widget elementor-widget-text-editor\" data-id=\"0ff6aa7\" data-element_type=\"widget\" data-e-type=\"widget\" data-widget_type=\"text-editor.default\">\n\t\t\t\t<div class=\"elementor-widget-container\">\n\t\t\t\t\t\t\t\t\t<p>Verificheremo tutte le informazioni fornite in merito allo scopo del conto di trading.<\/p>\n<p>Anche se non tutti, alcuni esempi di comportamenti che dovrebbero destare preoccupazione nella fase di apertura del conto sono:<\/p>\n<ul class=\"list\">\n<li>Un cliente mostra un livello insolito di preoccupazione per la segretezza, in particolare per quanto riguarda la sua identit\u00e0, il tipo di attivit\u00e0 o le fonti dei beni;<\/li>\n<li>Un cliente aziendale non ha una conoscenza generale del proprio settore.<\/li>\n<li>Il cliente non si preoccupa dei rischi, delle commissioni o di altri costi associati al trading.<\/li>\n<li>Un cliente sembra agire come agente di un&#8217;altra entit\u00e0 o individuo, ma \u00e8 evasivo sull&#8217;identit\u00e0 dell&#8217;altra entit\u00e0.<\/li>\n<li>Un cliente proviene da un paese identificato come paradiso del segreto bancario, del riciclaggio di denaro o della produzione di stupefacenti.<\/li>\n<\/ul>\n\t\t\t\t\t\t\t\t<\/div>\n\t\t\t\t<\/div>\n\t\t\t\t<div class=\"elementor-element elementor-element-d0f0d3e elementor-widget elementor-widget-heading\" data-id=\"d0f0d3e\" data-element_type=\"widget\" data-e-type=\"widget\" data-widget_type=\"heading.default\">\n\t\t\t\t<div class=\"elementor-widget-container\">\n\t\t\t\t\t<h2 class=\"elementor-heading-title elementor-size-default\">Transazioni sospette<\/h2>\t\t\t\t<\/div>\n\t\t\t\t<\/div>\n\t\t\t\t<div class=\"elementor-element elementor-element-53522ed elementor-widget elementor-widget-text-editor\" data-id=\"53522ed\" data-element_type=\"widget\" data-e-type=\"widget\" data-widget_type=\"text-editor.default\">\n\t\t\t\t<div class=\"elementor-widget-container\">\n\t\t\t\t\t\t\t\t\t<p>Le transazioni sospette sono quelle che non hanno uno scopo commerciale o apparentemente lecito, sono insolite per il cliente o non hanno una spiegazione ragionevole.<\/p>\n<p>Alcuni esempi di &#8220;bandiere rosse&#8221; sono:<\/p>\n<ul class=\"list\">\n<li>Un cliente si impegna in attivit\u00e0 di bonifico estese, improvvise o inspiegabili (in particolare bonifici che coinvolgono paesi con leggi sul segreto bancario);<\/li>\n<li>Un cliente effettua un deposito di fondi seguito da una richiesta di trasferimento del denaro (entrata e uscita).<\/li>\n<li>Senza alcun motivo apparente, un cliente ha pi\u00f9 conti a nome singolo o a nome multiplo, con un gran numero di trasferimenti tra conti.<\/li>\n<\/ul>\n<p>Per tutti i conti, la determinazione del carattere sospetto di una transazione o di una serie di transazioni dipender\u00e0 dal cliente e dalla particolare transazione (o transazioni) rispetto alla normale attivit\u00e0 commerciale del cliente. Tutti i conti saranno monitorati per individuare eventuali attivit\u00e0 sospette ogni 30 giorni. <\/p>\n<p>Non accettiamo fondi di terzi. Inoltre, i bonifici bancari in entrata e in uscita devono essere intestati allo stesso istituto bancario che ha il nome del cliente sul conto. <\/p>\n\t\t\t\t\t\t\t\t<\/div>\n\t\t\t\t<\/div>\n\t\t\t\t<div class=\"elementor-element elementor-element-c0d5237 elementor-widget elementor-widget-heading\" data-id=\"c0d5237\" data-element_type=\"widget\" data-e-type=\"widget\" data-widget_type=\"heading.default\">\n\t\t\t\t<div class=\"elementor-widget-container\">\n\t\t\t\t\t<h2 class=\"elementor-heading-title elementor-size-default\">Programma di identificazione dei clienti<\/h2>\t\t\t\t<\/div>\n\t\t\t\t<\/div>\n\t\t\t\t<div class=\"elementor-element elementor-element-67f51ed elementor-widget elementor-widget-text-editor\" data-id=\"67f51ed\" data-element_type=\"widget\" data-e-type=\"widget\" data-widget_type=\"text-editor.default\">\n\t\t\t\t<div class=\"elementor-widget-container\">\n\t\t\t\t\t\t\t\t\t<p>Le societ\u00e0 di servizi finanziari devono accertare l&#8217;identit\u00e0 dei propri clienti, conoscere la natura dell&#8217;attivit\u00e0 del cliente e conoscere lo scopo delle transazioni dei clienti.<\/p>\n<p>Le procedure antiriciclaggio della Societ\u00e0 prevedono che gli individui e le entit\u00e0 che si rifiutano di fornire informazioni che ne verifichino l&#8217;identit\u00e0 non possano aprire conti presso BlumBergTrade.<\/p>\n<p>Tutti i nuovi account saranno soggetti al rigoroso processo di approvazione da parte di &#8220;COMPLIANCE&#8221;. &#8220;COMPLIANCE&#8221; si assicurer\u00e0 che il modulo del nuovo conto sia completo. &#8220;COMPLIANCE&#8221; esaminer\u00e0 tutti i nuovi conti ai fini della solvibilit\u00e0 finanziaria e dell&#8217;idoneit\u00e0 al trading. Tuttavia, esaminer\u00e0 anche i conti ai fini dell&#8217;antiriciclaggio. &#8220;COMPLIANCE&#8221; verificher\u00e0 che le informazioni identificative siano elencate per tutte le persone indicate nel modulo del nuovo conto e che nessuna delle persone indicate nell&#8217;elenco del servizio di screening dei clienti di terze parti o in altri elenchi di controllo sia aperta presso la Societ\u00e0.    <\/p>\n<p>Lo scopo dichiarato dei clienti nel depositare fondi presso di noi \u00e8 indicato nel nostro contratto con i clienti, ovvero la speculazione sulle valute estere. Qualsiasi condotta o attivit\u00e0 del conto che non sia coerente con la negoziazione di valute estere con l&#8217;obiettivo di trarne profitto, deve essere considerata attivit\u00e0 sospetta e segnalata immediatamente a &#8220;COMPLIANCE&#8221; che valuter\u00e0 la situazione e determiner\u00e0 se intraprendere ulteriori azioni in linea con le presenti procedure. <\/p>\n<p>Possiamo prendere in considerazione i seguenti fattori, tra gli altri, nel valutare i rischi di violazione delle Politiche Antiriciclaggio posti da particolari clienti o transazioni:<\/p>\n<ul class=\"list\">\n<li>Se il cliente \u00e8 un individuo, un intermediario, una societ\u00e0 pubblica, privata, nazionale o estera, un&#8217;istituzione finanziaria o non finanziaria, una persona o un&#8217;entit\u00e0 regolamentata;<\/li>\n<li>Se il cliente \u00e8 un cliente esistente da un periodo di tempo significativo;<\/li>\n<li>Come il cliente \u00e8 diventato cliente dell&#8217;azienda;<\/li>\n<li>Se l&#8217;attivit\u00e0 del cliente o il particolare tipo di conto \u00e8 quello che ha maggiori probabilit\u00e0 di essere coinvolto in attivit\u00e0 illecite (ad esempio, attivit\u00e0 ad alta intensit\u00e0 di contanti);<\/li>\n<li>Se il paese di origine del cliente \u00e8 elencato nella lista dei paesi non cooperativi o sanzionati dell&#8217;ONU o se \u00e8 altrimenti soggetto ad adeguati controlli antiriciclaggio nella sua giurisdizione di origine; e<\/li>\n<li>Se il cliente risiede, \u00e8 costituito o opera in una giurisdizione con leggi sul segreto bancario o che \u00e8 stata altrimenti identificata come un&#8217;area meritevole di maggiore controllo.<\/li>\n<\/ul>\n<p>Se si decide di accettare un conto di un cliente straniero il cui paese di residenza figura nell&#8217;elenco dei paesi non cooperativi o nell&#8217;elenco dei paesi sanzionati dell&#8217;ONU, &#8220;COMPLIANCE&#8221; effettuer\u00e0 un ulteriore monitoraggio dell&#8217;attivit\u00e0 di trading e di cassa del cliente. Egli esaminer\u00e0 in dettaglio tutte le transazioni e l&#8217;attivit\u00e0 di cassa esaminando gli estratti conto mensili per assicurarsi che non venga sollevata nessuna delle &#8220;bandiere rosse&#8221; descritte nelle sezioni Attivit\u00e0 di compravendita e Revisione della gestione riportate di seguito. <\/p>\n<div class=\"spacetop4x\"> <\/div>\n<p>Fatta salva la valutazione da parte della Societ\u00e0 di qualsiasi ulteriore due diligence necessaria per valutare il rischio, le seguenti procedure sono normalmente appropriate per i seguenti tipi di conti:<\/p>\n\t\t\t\t\t\t\t\t<\/div>\n\t\t\t\t<\/div>\n\t\t\t\t<div class=\"elementor-element elementor-element-d55d1a3 elementor-widget elementor-widget-heading\" data-id=\"d55d1a3\" data-element_type=\"widget\" data-e-type=\"widget\" data-widget_type=\"heading.default\">\n\t\t\t\t<div class=\"elementor-widget-container\">\n\t\t\t\t\t<h2 class=\"elementor-heading-title elementor-size-default\">Enti commerciali<\/h2>\t\t\t\t<\/div>\n\t\t\t\t<\/div>\n\t\t\t\t<div class=\"elementor-element elementor-element-34700a8 elementor-widget elementor-widget-text-editor\" data-id=\"34700a8\" data-element_type=\"widget\" data-e-type=\"widget\" data-widget_type=\"text-editor.default\">\n\t\t\t\t<div class=\"elementor-widget-container\">\n\t\t\t\t\t\t\t\t\t<p>Come parte dei requisiti per l&#8217;apertura del conto, la Societ\u00e0 otterr\u00e0 informazioni sufficienti ad accertare l&#8217;identit\u00e0 della societ\u00e0 o dell&#8217;entit\u00e0 commerciale che apre il conto e l&#8217;autorit\u00e0 del rappresentante commerciale ad agire per conto della societ\u00e0 o dell&#8217;entit\u00e0. Tali informazioni saranno inoltre verificate rispetto agli elenchi e ai database esistenti. Il tipo di documentazione richiesta dalla Societ\u00e0 pu\u00f2 variare a seconda della natura dell&#8217;entit\u00e0 aziendale o commerciale. Gli account che non dispongono di queste informazioni potrebbero non essere autorizzati a continuare a fare affari con la Societ\u00e0. Di seguito sono riportate le informazioni di base richieste:    <\/p>\n<ul class=\"list no-margin\">\n<li>Fototessera non scaduta di tutti gli amministratori<\/li>\n<li>Numero di identificazione del contribuente;<\/li>\n<li>Articoli di costituzione<\/li>\n<li>Lo statuto dichiara che possono negoziare strumenti multiclasse e che il funzionario che negozia ha l&#8217;autorit\u00e0 di negoziare per conto della societ\u00e0.<\/li>\n<li class=\"no-margin\">Registrazione aziendale per l&#8217;indirizzo attuale<\/li>\n<\/ul>\n\t\t\t\t\t\t\t\t<\/div>\n\t\t\t\t<\/div>\n\t\t\t\t<\/div>\n\t\t\t\t\t<\/div>\n\t\t\t\t<\/div>\n\t\t\t\t<\/div>\n\t\t","protected":false},"excerpt":{"rendered":"<p>Home Politica KYC Un programma di conformit\u00e0 antiriciclaggio efficace deve includere procedure di &#8220;conoscenza del cliente&#8221;. \u00c8 necessario fornire informazioni per conoscere la vera identit\u00e0 del cliente, la natura della sua attivit\u00e0 e lo scopo delle sue transazioni. In qualit\u00e0 di broker, BlumBergTrade sar\u00e0 responsabile di: Fornire l&#8217;applicazione dell&#8217;account Esecuzione delle procedure AML e KYC [&hellip;]<\/p>\n","protected":false},"author":1,"featured_media":0,"parent":0,"menu_order":0,"comment_status":"closed","ping_status":"closed","template":"","meta":{"footnotes":""},"class_list":["post-9824","page","type-page","status-publish","hentry"],"_links":{"self":[{"href":"https:\/\/blumbergtrade.com\/it\/wp-json\/wp\/v2\/pages\/9824","targetHints":{"allow":["GET"]}}],"collection":[{"href":"https:\/\/blumbergtrade.com\/it\/wp-json\/wp\/v2\/pages"}],"about":[{"href":"https:\/\/blumbergtrade.com\/it\/wp-json\/wp\/v2\/types\/page"}],"author":[{"embeddable":true,"href":"https:\/\/blumbergtrade.com\/it\/wp-json\/wp\/v2\/users\/1"}],"replies":[{"embeddable":true,"href":"https:\/\/blumbergtrade.com\/it\/wp-json\/wp\/v2\/comments?post=9824"}],"version-history":[{"count":1,"href":"https:\/\/blumbergtrade.com\/it\/wp-json\/wp\/v2\/pages\/9824\/revisions"}],"predecessor-version":[{"id":9825,"href":"https:\/\/blumbergtrade.com\/it\/wp-json\/wp\/v2\/pages\/9824\/revisions\/9825"}],"wp:attachment":[{"href":"https:\/\/blumbergtrade.com\/it\/wp-json\/wp\/v2\/media?parent=9824"}],"curies":[{"name":"wp","href":"https:\/\/api.w.org\/{rel}","templated":true}]}}